{"id":2,"date":"2022-04-05T06:01:09","date_gmt":"2022-04-05T06:01:09","guid":{"rendered":"https:\/\/globetrotter-break-in-box.de\/?page_id=2"},"modified":"2022-04-06T06:54:40","modified_gmt":"2022-04-06T06:54:40","slug":"sample-page","status":"publish","type":"page","link":"https:\/\/globetrotter-break-in-box.de\/","title":{"rendered":"Herzlichen Gl\u00fcckwunsch!  Congratulations!"},"content":{"rendered":"\n<p>Ihr habt es geschafft! Ihr habt die Break-In Box geknackt!<\/p>\n\n\n\n<p>Was f\u00fcr eine Leistung, die euch viel K\u00f6pfchen, Kreativit\u00e4t und K\u00f6nnen gekostet hat.<br>Wir freuen uns, dass ihr die R\u00e4tsel gel\u00f6st und die Belohnung gefunden habt.<\/p>\n\n\n\n<p><\/p>\n\n\n\n<p>F\u00fcr Geocacher haben wir noch eine besondere Belohnung.<br>Ein schickes Banner f\u00fcr euer Profil!<br>Da die Box nur eine kurze Zeit spielbar ist, hat dieser definitiv Seltenheitswert!<br>\u00dcbernehmt einfach folgenden Link.<\/p>\n\n\n\n<p><\/p>\n\n\n\n<p>&lt;img src=<a href=\"https:\/\/links.geheimpunkt.de\/globetrotter-break-in-box\">https:\/\/links.geheimpunkt.de\/globetrotter-break-in-box <\/a> alt=<em>GeotrottersBreak-InBox<\/em> title=<em>GeotrottersBreak-InBox<\/em> width=200><\/p>\n\n\n\n<p>Wir w\u00fcnschen viel Spa\u00df damit!<\/p>\n\n\n\n<p><\/p>\n\n\n\n<figure class=\"wp-block-image size-full is-resized\"><img loading=\"lazy\" decoding=\"async\" src=\"https:\/\/globetrotter-break-in-box.de\/wp-content\/uploads\/2022\/04\/Banner_Break-In-Box.png\" alt=\"\" class=\"wp-image-25\" width=\"250\" height=\"250\" srcset=\"https:\/\/globetrotter-break-in-box.de\/wp-content\/uploads\/2022\/04\/Banner_Break-In-Box.png 500w, https:\/\/globetrotter-break-in-box.de\/wp-content\/uploads\/2022\/04\/Banner_Break-In-Box-300x300.png 300w, https:\/\/globetrotter-break-in-box.de\/wp-content\/uploads\/2022\/04\/Banner_Break-In-Box-150x150.png 150w\" sizes=\"auto, (max-width: 250px) 100vw, 250px\" \/><\/figure>\n\n\n\n<p><\/p>\n\n\n\n<p>You made it! You cracked the Break-In Box!<\/p>\n\n\n\n<p>What a performance, that definitely took a lot of brainpower, creativity and skill.<br>So great that you could solve all the puzzles and get to the reward.<\/p>\n\n\n\n<p><\/p>\n\n\n\n<p>For all Geocachers we have another special reward.<br>A neat banner for your profile page!<br>And as the Box is only avaliable for a short amount of time, it sure is rare!<br>Just use the following link to add it to your profile.<\/p>\n\n\n\n<p><\/p>\n\n\n\n<p>&lt;img src=<a href=\"https:\/\/links.geheimpunkt.de\/globetrotter-break-in-box\">https:\/\/links.geheimpunkt.de\/globetrotter-break-in-box<\/a> alt=<em>GeotrottersBreak-InBox<\/em> title=<em>GeotrottersBreak-InBox<\/em> width=200><\/p>\n\n\n\n<p>We hope you will enjoy it!<\/p>\n","protected":false},"excerpt":{"rendered":"<p>Ihr habt es geschafft! Ihr habt die Break-In Box geknackt! Was f\u00fcr eine Leistung, die euch viel K\u00f6pfchen, Kreativit\u00e4t und K\u00f6nnen gekostet hat.Wir freuen uns, dass ihr die R\u00e4tsel gel\u00f6st und die Belohnung gefunden habt. F\u00fcr Geocacher haben wir noch eine besondere Belohnung.Ein schickes Banner f\u00fcr euer Profil!Da die Box nur eine kurze Zeit spielbar&hellip; <a class=\"more-link\" href=\"https:\/\/globetrotter-break-in-box.de\/\"><span class=\"screen-reader-text\">Herzlichen Gl\u00fcckwunsch!  Congratulations!<\/span> weiterlesen<\/a><\/p>\n","protected":false},"author":2,"featured_media":15,"parent":0,"menu_order":0,"comment_status":"closed","ping_status":"open","template":"","meta":{"footnotes":""},"class_list":["post-2","page","type-page","status-publish","has-post-thumbnail","hentry","entry"],"_links":{"self":[{"href":"https:\/\/globetrotter-break-in-box.de\/index.php?rest_route=\/wp\/v2\/pages\/2","targetHints":{"allow":["GET"]}}],"collection":[{"href":"https:\/\/globetrotter-break-in-box.de\/index.php?rest_route=\/wp\/v2\/pages"}],"about":[{"href":"https:\/\/globetrotter-break-in-box.de\/index.php?rest_route=\/wp\/v2\/types\/page"}],"author":[{"embeddable":true,"href":"https:\/\/globetrotter-break-in-box.de\/index.php?rest_route=\/wp\/v2\/users\/2"}],"replies":[{"embeddable":true,"href":"https:\/\/globetrotter-break-in-box.de\/index.php?rest_route=%2Fwp%2Fv2%2Fcomments&post=2"}],"version-history":[{"count":20,"href":"https:\/\/globetrotter-break-in-box.de\/index.php?rest_route=\/wp\/v2\/pages\/2\/revisions"}],"predecessor-version":[{"id":57,"href":"https:\/\/globetrotter-break-in-box.de\/index.php?rest_route=\/wp\/v2\/pages\/2\/revisions\/57"}],"wp:featuredmedia":[{"embeddable":true,"href":"https:\/\/globetrotter-break-in-box.de\/index.php?rest_route=\/wp\/v2\/media\/15"}],"wp:attachment":[{"href":"https:\/\/globetrotter-break-in-box.de\/index.php?rest_route=%2Fwp%2Fv2%2Fmedia&parent=2"}],"curies":[{"name":"wp","href":"https:\/\/api.w.org\/{rel}","templated":true}]}}